{"id":1666,"date":"2025-07-14T19:03:29","date_gmt":"2025-07-14T19:03:29","guid":{"rendered":"https:\/\/www.airacartagena.com\/?page_id=1666"},"modified":"2026-01-28T15:30:57","modified_gmt":"2026-01-28T15:30:57","slug":"suites-disponibles","status":"publish","type":"page","link":"https:\/\/www.airacartagena.com\/es\/suites-disponibles\/","title":{"rendered":"Suites"},"content":{"rendered":"\t\t<div data-elementor-type=\"wp-page\" data-elementor-id=\"1666\" class=\"elementor elementor-1666\" data-elementor-post-type=\"page\">\n\t\t\t\t<div class=\"elementor-element elementor-element-3681cda e-flex e-con-boxed e-con e-parent\" data-id=\"3681cda\" data-element_type=\"container\" data-settings=\"{&quot;background_background&quot;:&quot;classic&quot;}\">\n\t\t\t\t\t<div class=\"e-con-inner\">\n\t\t\t\t<div class=\"elementor-element elementor-element-5669aff elementor-widget elementor-widget-heading\" data-id=\"5669aff\" data-element_type=\"widget\" data-widget_type=\"heading.default\">\n\t\t\t\t<div class=\"elementor-widget-container\">\n\t\t\t<h2 class=\"elementor-heading-title elementor-size-default\"><strong>Suites dise\u00f1adas para funcionar como activo<\/strong> <\/h2>\t\t<\/div>\n\t\t\t\t<\/div>\n\t\t\t\t<div class=\"elementor-element elementor-element-353053c elementor-widget__width-initial elementor-widget-tablet_extra__width-initial elementor-widget elementor-widget-text-editor\" data-id=\"353053c\" data-element_type=\"widget\" data-widget_type=\"text-editor.default\">\n\t\t\t\t<div class=\"elementor-widget-container\">\n\t\t\t\t\t\t\t<p><span style=\"font-weight: 400;\">Distribuciones pensadas para rentas cortas, uso personal o modelos mixtos. <\/span><\/p><p><span style=\"font-weight: 400;\">Informaci\u00f3n t\u00e9cnica se mantiene.<\/span><\/p>\t\t\t\t\t\t<\/div>\n\t\t\t\t<\/div>\n\t\t\t\t<div class=\"elementor-element elementor-element-8ab453d animated-slow elementor-invisible elementor-widget elementor-widget-ucaddon_gradient_hover_effect_button\" data-id=\"8ab453d\" data-element_type=\"widget\" data-settings=\"{&quot;_animation&quot;:&quot;fadeIn&quot;,&quot;_animation_delay&quot;:300}\" data-widget_type=\"ucaddon_gradient_hover_effect_button.default\">\n\t\t\t\t<div class=\"elementor-widget-container\">\n\t\t\t\n<!-- start Gradient Hover Effect Button -->\n<style>\/* widget: Gradient Hover Effect Button *\/\n\n#uc_gradient_hover_effect_button_elementor_8ab453d\n{\n  text-align:center;\n}\n\n#uc_gradient_hover_effect_button_elementor_8ab453d .btn {\n  display: inline-block;\n  background: transparent;\n  font-weight: 500;\n  font-style: normal;\n  color: rgba(223,190,106,0.7);\n  border-radius: 0;\n  padding: 14px 30px 14px 30px;\n  transition: all 0.7s ease-out;\n  background: linear-gradient(270deg, #245B58, #245B58, #FFFFFF, #FFFFFF);\n  background-position: 1% 50%;\n  background-size: 300% 300%;\n  text-decoration: none;\n  border: none;\n  border: 1px solid #245B58;\n  \n\n}\n\n#uc_gradient_hover_effect_button_elementor_8ab453d .btn:hover {\n  color: #fff;\n  border: 1px solid #245B58;\n  color: white;\n  background-position: 99% 50%;\n}\n\n<\/style>\n\n<div id=\"uc_gradient_hover_effect_button_elementor_8ab453d\">\n<a class=\"btn\" href=\"http:\/\/suites.airacartagena.com\/conoce-aira-suites-en-cartagena\" >\n  <span  class=\"uc_style_gradient_hover_effect_button_elementor_btn_txt\" >\ud83d\udc49 Validar si esta suite encaja con mi perfil<\/span>\n<\/a>\n<\/div>\n<!-- end Gradient Hover Effect Button -->\t\t<\/div>\n\t\t\t\t<\/div>\n\t\t\t\t<div class=\"elementor-element elementor-element-f3e2f1d elementor-widget elementor-widget-global elementor-global-2359 elementor-widget-html\" data-id=\"f3e2f1d\" data-element_type=\"widget\" data-widget_type=\"html.default\">\n\t\t\t\t<div class=\"elementor-widget-container\">\n\t\t\t<script \r\n  src=\"https:\/\/widgets.leadconnectorhq.com\/loader.js\"  \r\n  data-resources-url=\"https:\/\/widgets.leadconnectorhq.com\/chat-widget\/loader.js\" \r\n data-widget-id=\"697a15e675d4e15b7a39432b\"   > \r\n <\/script>\t\t<\/div>\n\t\t\t\t<\/div>\n\t\t\t\t\t<\/div>\n\t\t\t\t<\/div>\n\t\t<div class=\"elementor-element elementor-element-d897e1e e-con-full e-flex e-con e-parent\" data-id=\"d897e1e\" data-element_type=\"container\">\n\t\t\t\t<div class=\"elementor-element elementor-element-fa7afc6 elementor-widget__width-initial elementor-widget elementor-widget-text-editor\" data-id=\"fa7afc6\" data-element_type=\"widget\" data-widget_type=\"text-editor.default\">\n\t\t\t\t<div class=\"elementor-widget-container\">\n\t\t\t\t\t\t\t<p><span style=\"font-weight: 400;\">Aira cuenta con suites que est\u00e1n disponibles <strong class=\"precio-aira\" data-cop=\"378495000\" data-usd=\"95,000 USD\">Desde $ 378.495.000.<\/strong><\/span><\/p><p><span style=\"font-weight: 400;\">\u00c1reas totales a partir de 32.30 m\u00b2 hasta 40.00 m\u00b2.<\/span><\/p>\t\t\t\t\t\t<\/div>\n\t\t\t\t<\/div>\n\t\t\t\t<\/div>\n\t\t<div class=\"elementor-element elementor-element-992e6f2 e-flex e-con-boxed e-con e-parent\" data-id=\"992e6f2\" data-element_type=\"container\">\n\t\t\t\t\t<div class=\"e-con-inner\">\n\t\t\t\t<div class=\"elementor-element elementor-element-b44bfd3 elementor-widget elementor-widget-html\" data-id=\"b44bfd3\" data-element_type=\"widget\" data-widget_type=\"html.default\">\n\t\t\t\t<div class=\"elementor-widget-container\">\n\t\t\t<div id=\"fachada-container\" style=\"position:relative;max-width:900px;margin:0 auto;\">\r\n  <img decoding=\"async\" src=\"\/wp-content\/uploads\/2025\/06\/AIRA_FACADE.png\"\r\n       style=\"width:100%;height:auto;\" alt=\"Fachada AIRA\">\r\n<\/div>\r\n\t\t<\/div>\n\t\t\t\t<\/div>\n\t\t\t\t\t<\/div>\n\t\t\t\t<\/div>\n\t\t<div class=\"elementor-element elementor-element-62b2482 e-flex e-con-boxed e-con e-parent\" data-id=\"62b2482\" data-element_type=\"container\">\n\t\t\t\t\t<div class=\"e-con-inner\">\n\t\t\t\t<div class=\"elementor-element elementor-element-264c42b elementor-arrows-position-inside elementor-widget elementor-widget-loop-carousel\" data-id=\"264c42b\" data-element_type=\"widget\" data-settings=\"{&quot;template_id&quot;:&quot;384&quot;,&quot;slides_to_show&quot;:&quot;1&quot;,&quot;slides_to_show_laptop&quot;:&quot;1&quot;,&quot;slides_to_show_tablet_extra&quot;:&quot;1&quot;,&quot;slides_to_show_tablet&quot;:&quot;1&quot;,&quot;_skin&quot;:&quot;post&quot;,&quot;slides_to_show_widescreen&quot;:&quot;3&quot;,&quot;slides_to_show_mobile&quot;:&quot;1&quot;,&quot;slides_to_scroll&quot;:&quot;1&quot;,&quot;edit_handle_selector&quot;:&quot;.elementor-widget-container&quot;,&quot;autoplay&quot;:&quot;yes&quot;,&quot;autoplay_speed&quot;:5000,&quot;pause_on_hover&quot;:&quot;yes&quot;,&quot;pause_on_interaction&quot;:&quot;yes&quot;,&quot;infinite&quot;:&quot;yes&quot;,&quot;speed&quot;:500,&quot;offset_sides&quot;:&quot;none&quot;,&quot;arrows&quot;:&quot;yes&quot;,&quot;image_spacing_custom&quot;:{&quot;unit&quot;:&quot;px&quot;,&quot;size&quot;:10,&quot;sizes&quot;:[]},&quot;image_spacing_custom_widescreen&quot;:{&quot;unit&quot;:&quot;px&quot;,&quot;size&quot;:&quot;&quot;,&quot;sizes&quot;:[]},&quot;image_spacing_custom_laptop&quot;:{&quot;unit&quot;:&quot;px&quot;,&quot;size&quot;:&quot;&quot;,&quot;sizes&quot;:[]},&quot;image_spacing_custom_tablet_extra&quot;:{&quot;unit&quot;:&quot;px&quot;,&quot;size&quot;:&quot;&quot;,&quot;sizes&quot;:[]},&quot;image_spacing_custom_tablet&quot;:{&quot;unit&quot;:&quot;px&quot;,&quot;size&quot;:&quot;&quot;,&quot;sizes&quot;:[]},&quot;image_spacing_custom_mobile&quot;:{&quot;unit&quot;:&quot;px&quot;,&quot;size&quot;:&quot;&quot;,&quot;sizes&quot;:[]}}\" data-widget_type=\"loop-carousel.post\">\n\t\t\t\t<div class=\"elementor-widget-container\">\n\t\t\t\t\t<div class=\"swiper elementor-loop-container elementor-grid\" dir=\"ltr\">\n\t\t\t\t<div class=\"swiper-wrapper\" aria-live=\"off\">\n\t\t<style id=\"loop-384\">.elementor-384 .elementor-element.elementor-element-84368bc{--display:flex;--flex-direction:row;--container-widget-width:initial;--container-widget-height:100%;--container-widget-flex-grow:1;--container-widget-align-self:stretch;--flex-wrap-mobile:wrap;--gap:10px 10px;--background-transition:0.3s;}.elementor-384 .elementor-element.elementor-element-d0433e0{--display:flex;--flex-direction:column;--container-widget-width:100%;--container-widget-height:initial;--container-widget-flex-grow:0;--container-widget-align-self:initial;--flex-wrap-mobile:wrap;--justify-content:center;--background-transition:0.3s;--border-radius:20px 20px 20px 20px;--padding-top:40px;--padding-bottom:40px;--padding-left:40px;--padding-right:40px;}.elementor-384 .elementor-element.elementor-element-d0433e0:not(.elementor-motion-effects-element-type-background), .elementor-384 .elementor-element.elementor-element-d0433e0 > .elementor-motion-effects-container > .elementor-motion-effects-layer{background-color:var( --e-global-color-primary );}.elementor-384 .elementor-element.elementor-element-d0433e0, .elementor-384 .elementor-element.elementor-element-d0433e0::before{--border-transition:0.3s;}.elementor-384 .elementor-element.elementor-element-d0433e0.e-con{--flex-grow:0;--flex-shrink:0;}.elementor-widget-heading .elementor-heading-title{color:var( --e-global-color-primary );font-family:var( --e-global-typography-primary-font-family ), Sans-serif;font-weight:var( --e-global-typography-primary-font-weight );}.elementor-384 .elementor-element.elementor-element-1ca02de .elementor-heading-title{color:#FFFFFF;font-family:\"Urbanist\", Sans-serif;font-weight:900;}.elementor-widget-text-editor{color:var( --e-global-color-text );font-family:var( --e-global-typography-text-font-family ), Sans-serif;font-weight:var( --e-global-typography-text-font-weight );}.elementor-widget-text-editor.elementor-drop-cap-view-stacked .elementor-drop-cap{background-color:var( --e-global-color-primary );}.elementor-widget-text-editor.elementor-drop-cap-view-framed .elementor-drop-cap, .elementor-widget-text-editor.elementor-drop-cap-view-default .elementor-drop-cap{color:var( --e-global-color-primary );border-color:var( --e-global-color-primary );}.elementor-384 .elementor-element.elementor-element-c6d60e2{color:#FFFFFF;font-family:\"Urbanist\", Sans-serif;font-size:17px;font-weight:400;}.elementor-widget-button .elementor-button{background-color:var( --e-global-color-accent );font-family:var( --e-global-typography-accent-font-family ), Sans-serif;font-weight:var( --e-global-typography-accent-font-weight );}.elementor-384 .elementor-element.elementor-element-0c2ef6a .elementor-button{background-color:#FFFFFF;font-family:\"Urbanist\", Sans-serif;font-size:24px;font-weight:900;fill:var( --e-global-color-primary );color:var( --e-global-color-primary );border-radius:50px 50px 50px 50px;padding:5px 50px 5px 50px;}.elementor-384 .elementor-element.elementor-element-277f2ce{--display:flex;--flex-direction:column;--container-widget-width:100%;--container-widget-height:initial;--container-widget-flex-grow:0;--container-widget-align-self:initial;--flex-wrap-mobile:wrap;--background-transition:0.3s;}.elementor-widget-image .widget-image-caption{color:var( --e-global-color-text );font-family:var( --e-global-typography-text-font-family ), Sans-serif;font-weight:var( --e-global-typography-text-font-weight );}@media(max-width:1366px){.elementor-384 .elementor-element.elementor-element-1ca02de .elementor-heading-title{font-size:26px;}}@media(min-width:768px){.elementor-384 .elementor-element.elementor-element-d0433e0{--width:30%;}.elementor-384 .elementor-element.elementor-element-277f2ce{--width:70%;}}@media(max-width:1024px) and (min-width:768px){.elementor-384 .elementor-element.elementor-element-d0433e0{--width:100%;}.elementor-384 .elementor-element.elementor-element-277f2ce{--width:100%;}}@media(max-width:1024px){.elementor-384 .elementor-element.elementor-element-84368bc{--flex-direction:column;--container-widget-width:100%;--container-widget-height:initial;--container-widget-flex-grow:0;--container-widget-align-self:initial;--flex-wrap-mobile:wrap;--justify-content:center;}.elementor-384 .elementor-element.elementor-element-d0433e0{--padding-top:20px;--padding-bottom:20px;--padding-left:20px;--padding-right:20px;}.elementor-384 .elementor-element.elementor-element-c6d60e2{font-size:15px;}.elementor-384 .elementor-element.elementor-element-0c2ef6a .elementor-button{font-size:20px;}.elementor-384 .elementor-element.elementor-element-277f2ce{--justify-content:center;}}<\/style>\t\t<div data-elementor-type=\"loop-item\" data-elementor-id=\"384\" class=\"elementor elementor-384 swiper-slide e-loop-item e-loop-item-387 post-387 suites type-suites status-publish hentry\" data-elementor-post-type=\"elementor_library\" role=\"group\" aria-roledescription=\"slide\" data-custom-edit-handle=\"1\">\n\t\t\t<div class=\"elementor-element elementor-element-84368bc e-flex e-con-boxed e-con e-parent\" data-id=\"84368bc\" data-element_type=\"container\">\n\t\t\t\t\t<div class=\"e-con-inner\">\n\t\t<div class=\"elementor-element elementor-element-d0433e0 e-con-full e-flex e-con e-child\" data-id=\"d0433e0\" data-element_type=\"container\" data-settings=\"{&quot;background_background&quot;:&quot;classic&quot;}\">\n\t\t\t\t<div class=\"elementor-element elementor-element-1ca02de elementor-widget elementor-widget-heading\" data-id=\"1ca02de\" data-element_type=\"widget\" data-widget_type=\"heading.default\">\n\t\t\t\t<div class=\"elementor-widget-container\">\n\t\t\t<h2 class=\"elementor-heading-title elementor-size-default\">Suite Tipo B<\/h2>\t\t<\/div>\n\t\t\t\t<\/div>\n\t\t\t\t<div class=\"elementor-element elementor-element-c6d60e2 elementor-widget elementor-widget-text-editor\" data-id=\"c6d60e2\" data-element_type=\"widget\" data-widget_type=\"text-editor.default\">\n\t\t\t\t<div class=\"elementor-widget-container\">\n\t\t\t\t\t\t\tZona Exterior\u00a0\u2022 Habitaci\u00f3n \u2022\u00a0Sala de estar\u00a0\u2022 Ba\u00f1o\u00a0\u2022 Cocina + comedor\t\t\t\t\t\t<\/div>\n\t\t\t\t<\/div>\n\t\t\t\t<div class=\"elementor-element elementor-element-0c2ef6a elementor-widget elementor-widget-button\" data-id=\"0c2ef6a\" data-element_type=\"widget\" data-widget_type=\"button.default\">\n\t\t\t\t<div class=\"elementor-widget-container\">\n\t\t\t\t\t\t\t<div class=\"elementor-button-wrapper\">\n\t\t\t\t\t<a class=\"elementor-button elementor-button-link elementor-size-sm\" href=\"#elementor-action%3Aaction%3Dpopup%3Aopen%26settings%3DeyJpZCI6IjYzNiIsInRvZ2dsZSI6ZmFsc2V9\">\n\t\t\t\t\t\t<span class=\"elementor-button-content-wrapper\">\n\t\t\t\t\t\t\t\t\t<span class=\"elementor-button-text\">Cotizar<\/span>\n\t\t\t\t\t<\/span>\n\t\t\t\t\t<\/a>\n\t\t\t\t<\/div>\n\t\t\t\t\t\t<\/div>\n\t\t\t\t<\/div>\n\t\t\t\t<\/div>\n\t\t<div class=\"elementor-element elementor-element-277f2ce e-con-full e-flex e-con e-child\" data-id=\"277f2ce\" data-element_type=\"container\">\n\t\t\t\t<div class=\"elementor-element elementor-element-53a5dd1 elementor-widget elementor-widget-image\" data-id=\"53a5dd1\" data-element_type=\"widget\" data-widget_type=\"image.default\">\n\t\t\t\t<div class=\"elementor-widget-container\">\n\t\t\t\t\t\t\t\t\t\t\t\t\t<img fetchpriority=\"high\" decoding=\"async\" width=\"816\" height=\"367\" src=\"https:\/\/www.airacartagena.com\/wp-content\/uploads\/2024\/11\/b.png\" class=\"attachment-full size-full wp-image-949\" alt=\"\" srcset=\"https:\/\/www.airacartagena.com\/wp-content\/uploads\/2024\/11\/b.png 816w, https:\/\/www.airacartagena.com\/wp-content\/uploads\/2024\/11\/b-300x135.png 300w, https:\/\/www.airacartagena.com\/wp-content\/uploads\/2024\/11\/b-768x345.png 768w\" sizes=\"(max-width: 816px) 100vw, 816px\" \/>\t\t\t\t\t\t\t\t\t\t\t\t\t<\/div>\n\t\t\t\t<\/div>\n\t\t\t\t<\/div>\n\t\t\t\t\t<\/div>\n\t\t\t\t<\/div>\n\t\t\t\t<\/div>\n\t\t\t\t<div data-elementor-type=\"loop-item\" data-elementor-id=\"384\" class=\"elementor elementor-384 swiper-slide e-loop-item e-loop-item-385 post-385 suites type-suites status-publish hentry\" data-elementor-post-type=\"elementor_library\" role=\"group\" aria-roledescription=\"slide\" data-custom-edit-handle=\"1\">\n\t\t\t<div class=\"elementor-element elementor-element-84368bc e-flex e-con-boxed e-con e-parent\" data-id=\"84368bc\" data-element_type=\"container\">\n\t\t\t\t\t<div class=\"e-con-inner\">\n\t\t<div class=\"elementor-element elementor-element-d0433e0 e-con-full e-flex e-con e-child\" data-id=\"d0433e0\" data-element_type=\"container\" data-settings=\"{&quot;background_background&quot;:&quot;classic&quot;}\">\n\t\t\t\t<div class=\"elementor-element elementor-element-1ca02de elementor-widget elementor-widget-heading\" data-id=\"1ca02de\" data-element_type=\"widget\" data-widget_type=\"heading.default\">\n\t\t\t\t<div class=\"elementor-widget-container\">\n\t\t\t<h2 class=\"elementor-heading-title elementor-size-default\">Suite Tipo A<\/h2>\t\t<\/div>\n\t\t\t\t<\/div>\n\t\t\t\t<div class=\"elementor-element elementor-element-c6d60e2 elementor-widget elementor-widget-text-editor\" data-id=\"c6d60e2\" data-element_type=\"widget\" data-widget_type=\"text-editor.default\">\n\t\t\t\t<div class=\"elementor-widget-container\">\n\t\t\t\t\t\t\tZona Exterior\u00a0\u2022 Habitaci\u00f3n \u2022\u00a0Sala de estar\u00a0\u2022 Ba\u00f1o\u00a0\u2022 Cocina + comedor Jacuzzi interno\t\t\t\t\t\t<\/div>\n\t\t\t\t<\/div>\n\t\t\t\t<div class=\"elementor-element elementor-element-0c2ef6a elementor-widget elementor-widget-button\" data-id=\"0c2ef6a\" data-element_type=\"widget\" data-widget_type=\"button.default\">\n\t\t\t\t<div class=\"elementor-widget-container\">\n\t\t\t\t\t\t\t<div class=\"elementor-button-wrapper\">\n\t\t\t\t\t<a class=\"elementor-button elementor-button-link elementor-size-sm\" href=\"#elementor-action%3Aaction%3Dpopup%3Aopen%26settings%3DeyJpZCI6IjYzNiIsInRvZ2dsZSI6ZmFsc2V9\">\n\t\t\t\t\t\t<span class=\"elementor-button-content-wrapper\">\n\t\t\t\t\t\t\t\t\t<span class=\"elementor-button-text\">Cotizar<\/span>\n\t\t\t\t\t<\/span>\n\t\t\t\t\t<\/a>\n\t\t\t\t<\/div>\n\t\t\t\t\t\t<\/div>\n\t\t\t\t<\/div>\n\t\t\t\t<\/div>\n\t\t<div class=\"elementor-element elementor-element-277f2ce e-con-full e-flex e-con e-child\" data-id=\"277f2ce\" data-element_type=\"container\">\n\t\t\t\t<div class=\"elementor-element elementor-element-53a5dd1 elementor-widget elementor-widget-image\" data-id=\"53a5dd1\" data-element_type=\"widget\" data-widget_type=\"image.default\">\n\t\t\t\t<div class=\"elementor-widget-container\">\n\t\t\t\t\t\t\t\t\t\t\t\t\t<img decoding=\"async\" width=\"837\" height=\"363\" src=\"https:\/\/www.airacartagena.com\/wp-content\/uploads\/2024\/11\/a-1.png\" class=\"attachment-full size-full wp-image-948\" alt=\"\" srcset=\"https:\/\/www.airacartagena.com\/wp-content\/uploads\/2024\/11\/a-1.png 837w, https:\/\/www.airacartagena.com\/wp-content\/uploads\/2024\/11\/a-1-300x130.png 300w, https:\/\/www.airacartagena.com\/wp-content\/uploads\/2024\/11\/a-1-768x333.png 768w\" sizes=\"(max-width: 837px) 100vw, 837px\" \/>\t\t\t\t\t\t\t\t\t\t\t\t\t<\/div>\n\t\t\t\t<\/div>\n\t\t\t\t<\/div>\n\t\t\t\t\t<\/div>\n\t\t\t\t<\/div>\n\t\t\t\t<\/div>\n\t\t\t\t<\/div>\n\t\t<\/div>\n\t\t\t\t\t<div class=\"elementor-swiper-button elementor-swiper-button-prev\" role=\"button\" tabindex=\"0\">\n\t\t\t\t\t\t\t<\/div>\n\t\t\t<div class=\"elementor-swiper-button elementor-swiper-button-next\" role=\"button\" tabindex=\"0\">\n\t\t\t\t<svg xmlns=\"http:\/\/www.w3.org\/2000\/svg\" width=\"42\" height=\"42\" viewBox=\"0 0 42 42\" fill=\"none\"><circle cx=\"20.8396\" cy=\"21.115\" r=\"20.3396\" stroke=\"white\"><\/circle><path d=\"M17.8183 15.533L18.9485 14.3598L25.1048 20.7537C25.2041 20.8562 25.2828 20.978 25.3366 21.1122C25.3903 21.2464 25.418 21.3903 25.418 21.5357C25.418 21.681 25.3903 21.825 25.3366 21.9591C25.2828 22.0933 25.2041 22.2152 25.1048 22.3176L18.9485 28.7148L17.8193 27.5417L23.5974 21.5373L17.8183 15.533Z\" fill=\"white\"><\/path><\/svg>\t\t\t<\/div>\n\t\t\t\t<\/div>\n\t\t\t\t<\/div>\n\t\t\t\t\t<\/div>\n\t\t\t\t<\/div>\n\t\t<div class=\"elementor-element elementor-element-d51e830 e-flex e-con-boxed e-con e-parent\" data-id=\"d51e830\" data-element_type=\"container\">\n\t\t\t\t\t<div class=\"e-con-inner\">\n\t\t<div class=\"elementor-element elementor-element-564b2a4 e-con-full elementor-hidden-tablet elementor-hidden-mobile e-flex e-con e-child\" data-id=\"564b2a4\" data-element_type=\"container\" data-settings=\"{&quot;background_background&quot;:&quot;classic&quot;}\">\n\t\t\t\t<\/div>\n\t\t<div class=\"elementor-element elementor-element-58fcfe9 e-con-full e-flex e-con e-child\" data-id=\"58fcfe9\" data-element_type=\"container\">\n\t\t\t\t<div class=\"elementor-element elementor-element-f28707e elementor-widget__width-initial elementor-widget elementor-widget-text-editor\" data-id=\"f28707e\" data-element_type=\"widget\" data-widget_type=\"text-editor.default\">\n\t\t\t\t<div class=\"elementor-widget-container\">\n\t\t\t\t\t\t\t<p>*Las im\u00e1genes son representaciones con fines ilustrativos. Las especificaciones de las propiedades est\u00e1n detalladas en los respectivos contratos de promesa de compraventa. Nuestras suites se entregan amobladas, garantizando un espacio listo para el disfrute de tu inversi\u00f3n desde el primer momento.<\/p>\t\t\t\t\t\t<\/div>\n\t\t\t\t<\/div>\n\t\t\t\t<\/div>\n\t\t\t\t\t<\/div>\n\t\t\t\t<\/div>\n\t\t\t\t<\/div>\n\t\t","protected":false},"excerpt":{"rendered":"<p>Suites dise\u00f1adas para funcionar como activo Distribuciones pensadas para rentas cortas, uso personal o modelos mixtos. Informaci\u00f3n t\u00e9cnica se mantiene. [&hellip;]<\/p>\n","protected":false},"author":1,"featured_media":0,"parent":0,"menu_order":0,"comment_status":"closed","ping_status":"closed","template":"","meta":{"site-sidebar-layout":"no-sidebar","site-content-layout":"","ast-site-content-layout":"full-width-container","site-content-style":"default","site-sidebar-style":"default","ast-global-header-display":"","ast-banner-title-visibility":"","ast-main-header-display":"","ast-hfb-above-header-display":"","ast-hfb-below-header-display":"","ast-hfb-mobile-header-display":"","site-post-title":"disabled","ast-breadcrumbs-content":"","ast-featured-img":"disabled","footer-sml-layout":"","theme-transparent-header-meta":"","adv-header-id-meta":"","stick-header-meta":"","header-above-stick-meta":"","header-main-stick-meta":"","header-below-stick-meta":"","astra-migrate-meta-layouts":"default","ast-page-background-enabled":"default","ast-page-background-meta":{"desktop":{"background-color":"var(--ast-global-color-4)","background-image":"","background-repeat":"repeat","background-position":"center center","background-size":"auto","background-attachment":"scroll","background-type":"","background-media":"","overlay-type":"","overlay-color":"","overlay-opacity":"","overlay-gradient":""},"tablet":{"background-color":"","background-image":"","background-repeat":"repeat","background-position":"center center","background-size":"auto","background-attachment":"scroll","background-type":"","background-media":"","overlay-type":"","overlay-color":"","overlay-opacity":"","overlay-gradient":""},"mobile":{"background-color":"","background-image":"","background-repeat":"repeat","background-position":"center center","background-size":"auto","background-attachment":"scroll","background-type":"","background-media":"","overlay-type":"","overlay-color":"","overlay-opacity":"","overlay-gradient":""}},"ast-content-background-meta":{"desktop":{"background-color":"var(--ast-global-color-5)","background-image":"","background-repeat":"repeat","background-position":"center center","background-size":"auto","background-attachment":"scroll","background-type":"","background-media":"","overlay-type":"","overlay-color":"","overlay-opacity":"","overlay-gradient":""},"tablet":{"background-color":"var(--ast-global-color-5)","background-image":"","background-repeat":"repeat","background-position":"center center","background-size":"auto","background-attachment":"scroll","background-type":"","background-media":"","overlay-type":"","overlay-color":"","overlay-opacity":"","overlay-gradient":""},"mobile":{"background-color":"var(--ast-global-color-5)","background-image":"","background-repeat":"repeat","background-position":"center center","background-size":"auto","background-attachment":"scroll","background-type":"","background-media":"","overlay-type":"","overlay-color":"","overlay-opacity":"","overlay-gradient":""}},"footnotes":""},"class_list":["post-1666","page","type-page","status-publish","hentry"],"_links":{"self":[{"href":"https:\/\/www.airacartagena.com\/es\/wp-json\/wp\/v2\/pages\/1666","targetHints":{"allow":["GET"]}}],"collection":[{"href":"https:\/\/www.airacartagena.com\/es\/wp-json\/wp\/v2\/pages"}],"about":[{"href":"https:\/\/www.airacartagena.com\/es\/wp-json\/wp\/v2\/types\/page"}],"author":[{"embeddable":true,"href":"https:\/\/www.airacartagena.com\/es\/wp-json\/wp\/v2\/users\/1"}],"replies":[{"embeddable":true,"href":"https:\/\/www.airacartagena.com\/es\/wp-json\/wp\/v2\/comments?post=1666"}],"version-history":[{"count":373,"href":"https:\/\/www.airacartagena.com\/es\/wp-json\/wp\/v2\/pages\/1666\/revisions"}],"predecessor-version":[{"id":2373,"href":"https:\/\/www.airacartagena.com\/es\/wp-json\/wp\/v2\/pages\/1666\/revisions\/2373"}],"wp:attachment":[{"href":"https:\/\/www.airacartagena.com\/es\/wp-json\/wp\/v2\/media?parent=1666"}],"curies":[{"name":"wp","href":"https:\/\/api.w.org\/{rel}","templated":true}]}}