{"id":865,"date":"2024-12-12T14:18:59","date_gmt":"2024-12-12T14:18:59","guid":{"rendered":"https:\/\/www.airacartagena.com\/?page_id=865"},"modified":"2026-01-28T15:28:34","modified_gmt":"2026-01-28T15:28:34","slug":"galeria","status":"publish","type":"page","link":"https:\/\/www.airacartagena.com\/es\/galeria\/","title":{"rendered":"Galer\u00eda"},"content":{"rendered":"\t\t<div data-elementor-type=\"wp-page\" data-elementor-id=\"865\" class=\"elementor elementor-865\" data-elementor-post-type=\"page\">\n\t\t\t\t<div class=\"elementor-element elementor-element-a995086 e-flex e-con-boxed e-con e-parent\" data-id=\"a995086\" data-element_type=\"container\" data-settings=\"{&quot;background_background&quot;:&quot;classic&quot;}\">\n\t\t\t\t\t<div class=\"e-con-inner\">\n\t\t\t\t<div class=\"elementor-element elementor-element-b7ed8f1 elementor-widget elementor-widget-heading\" data-id=\"b7ed8f1\" data-element_type=\"widget\" data-widget_type=\"heading.default\">\n\t\t\t\t<div class=\"elementor-widget-container\">\n\t\t\t<h2 class=\"elementor-heading-title elementor-size-default\">Galer\u00eda<\/h2>\t\t<\/div>\n\t\t\t\t<\/div>\n\t\t\t\t\t<\/div>\n\t\t\t\t<\/div>\n\t\t<div class=\"elementor-element elementor-element-9d164e9 e-flex e-con-boxed e-con e-parent\" data-id=\"9d164e9\" data-element_type=\"container\">\n\t\t\t\t\t<div class=\"e-con-inner\">\n\t\t\t\t<div class=\"elementor-element elementor-element-ea630b9 elementor-hidden-widescreen elementor-hidden-desktop elementor-hidden-laptop elementor-hidden-tablet_extra elementor-hidden-tablet elementor-hidden-mobile elementor-widget elementor-widget-heading\" data-id=\"ea630b9\" data-element_type=\"widget\" data-widget_type=\"heading.default\">\n\t\t\t\t<div class=\"elementor-widget-container\">\n\t\t\t<h2 class=\"elementor-heading-title elementor-size-default\">Galer\u00eda<\/h2>\t\t<\/div>\n\t\t\t\t<\/div>\n\t\t\t\t<div class=\"elementor-element elementor-element-c702ed6 subrayado elementor-widget elementor-widget-text-editor\" data-id=\"c702ed6\" data-element_type=\"widget\" data-widget_type=\"text-editor.default\">\n\t\t\t\t<div class=\"elementor-widget-container\">\n\t\t\t\t\t\t\t<p>Garantiza tu inversi\u00f3n y rentabiliza.<\/p>\t\t\t\t\t\t<\/div>\n\t\t\t\t<\/div>\n\t\t\t\t\t<\/div>\n\t\t\t\t<\/div>\n\t\t<div class=\"elementor-element elementor-element-6f9fc6f e-flex e-con-boxed e-con e-parent\" data-id=\"6f9fc6f\" data-element_type=\"container\" data-settings=\"{&quot;background_background&quot;:&quot;classic&quot;}\">\n\t\t\t\t\t<div class=\"e-con-inner\">\n\t\t\t\t<div class=\"elementor-element elementor-element-1983694 elementor-widget elementor-widget-gallery\" data-id=\"1983694\" data-element_type=\"widget\" data-settings=\"{&quot;gallery_layout&quot;:&quot;justified&quot;,&quot;ideal_row_height&quot;:{&quot;unit&quot;:&quot;px&quot;,&quot;size&quot;:343,&quot;sizes&quot;:[]},&quot;ideal_row_height_laptop&quot;:{&quot;unit&quot;:&quot;px&quot;,&quot;size&quot;:327,&quot;sizes&quot;:[]},&quot;ideal_row_height_tablet&quot;:{&quot;unit&quot;:&quot;px&quot;,&quot;size&quot;:206,&quot;sizes&quot;:[]},&quot;ideal_row_height_tablet_extra&quot;:{&quot;unit&quot;:&quot;px&quot;,&quot;size&quot;:198,&quot;sizes&quot;:[]},&quot;lazyload&quot;:&quot;yes&quot;,&quot;ideal_row_height_widescreen&quot;:{&quot;unit&quot;:&quot;px&quot;,&quot;size&quot;:&quot;&quot;,&quot;sizes&quot;:[]},&quot;ideal_row_height_mobile&quot;:{&quot;unit&quot;:&quot;px&quot;,&quot;size&quot;:150,&quot;sizes&quot;:[]},&quot;gap&quot;:{&quot;unit&quot;:&quot;px&quot;,&quot;size&quot;:10,&quot;sizes&quot;:[]},&quot;gap_widescreen&quot;:{&quot;unit&quot;:&quot;px&quot;,&quot;size&quot;:&quot;&quot;,&quot;sizes&quot;:[]},&quot;gap_laptop&quot;:{&quot;unit&quot;:&quot;px&quot;,&quot;size&quot;:10,&quot;sizes&quot;:[]},&quot;gap_tablet_extra&quot;:{&quot;unit&quot;:&quot;px&quot;,&quot;size&quot;:10,&quot;sizes&quot;:[]},&quot;gap_tablet&quot;:{&quot;unit&quot;:&quot;px&quot;,&quot;size&quot;:10,&quot;sizes&quot;:[]},&quot;gap_mobile&quot;:{&quot;unit&quot;:&quot;px&quot;,&quot;size&quot;:10,&quot;sizes&quot;:[]},&quot;link_to&quot;:&quot;file&quot;,&quot;overlay_background&quot;:&quot;yes&quot;,&quot;content_hover_animation&quot;:&quot;fade-in&quot;}\" data-widget_type=\"gallery.default\">\n\t\t\t\t<div class=\"elementor-widget-container\">\n\t\t\t\t\t<div class=\"elementor-gallery__container\">\n\t\t\t\t\t\t\t<a class=\"e-gallery-item elementor-gallery-item elementor-animated-content\" href=\"https:\/\/www.airacartagena.com\/wp-content\/uploads\/2024\/11\/1.webp\" data-elementor-open-lightbox=\"yes\" data-elementor-lightbox-slideshow=\"1983694\" data-elementor-lightbox-title=\"1\" data-e-action-hash=\"#elementor-action%3Aaction%3Dlightbox%26settings%3DeyJpZCI6ODE4LCJ1cmwiOiJodHRwczpcL1wvd3d3LmFpcmFjYXJ0YWdlbmEuY29tXC93cC1jb250ZW50XC91cGxvYWRzXC8yMDI0XC8xMVwvMS53ZWJwIiwic2xpZGVzaG93IjoiMTk4MzY5NCJ9\">\n\t\t\t\t\t<div class=\"e-gallery-image elementor-gallery-item__image\" data-thumbnail=\"https:\/\/www.airacartagena.com\/wp-content\/uploads\/2024\/11\/1.webp\" data-width=\"1640\" data-height=\"1028\" aria-label=\"\" role=\"img\" ><\/div>\n\t\t\t\t\t\t\t\t\t\t\t<div class=\"elementor-gallery-item__overlay\"><\/div>\n\t\t\t\t\t\t\t\t\t\t\t\t\t\t<\/a>\n\t\t\t\t\t\t\t<a class=\"e-gallery-item elementor-gallery-item elementor-animated-content\" href=\"https:\/\/www.airacartagena.com\/wp-content\/uploads\/2024\/11\/3.webp\" data-elementor-open-lightbox=\"yes\" data-elementor-lightbox-slideshow=\"1983694\" data-elementor-lightbox-title=\"3\" data-e-action-hash=\"#elementor-action%3Aaction%3Dlightbox%26settings%3DeyJpZCI6ODE5LCJ1cmwiOiJodHRwczpcL1wvd3d3LmFpcmFjYXJ0YWdlbmEuY29tXC93cC1jb250ZW50XC91cGxvYWRzXC8yMDI0XC8xMVwvMy53ZWJwIiwic2xpZGVzaG93IjoiMTk4MzY5NCJ9\">\n\t\t\t\t\t<div class=\"e-gallery-image elementor-gallery-item__image\" data-thumbnail=\"https:\/\/www.airacartagena.com\/wp-content\/uploads\/2024\/11\/3.webp\" data-width=\"1640\" data-height=\"1028\" aria-label=\"\" role=\"img\" ><\/div>\n\t\t\t\t\t\t\t\t\t\t\t<div class=\"elementor-gallery-item__overlay\"><\/div>\n\t\t\t\t\t\t\t\t\t\t\t\t\t\t<\/a>\n\t\t\t\t\t\t\t<a class=\"e-gallery-item elementor-gallery-item elementor-animated-content\" href=\"https:\/\/www.airacartagena.com\/wp-content\/uploads\/2024\/11\/6.webp\" data-elementor-open-lightbox=\"yes\" data-elementor-lightbox-slideshow=\"1983694\" data-elementor-lightbox-title=\"6\" data-e-action-hash=\"#elementor-action%3Aaction%3Dlightbox%26settings%3DeyJpZCI6ODIyLCJ1cmwiOiJodHRwczpcL1wvd3d3LmFpcmFjYXJ0YWdlbmEuY29tXC93cC1jb250ZW50XC91cGxvYWRzXC8yMDI0XC8xMVwvNi53ZWJwIiwic2xpZGVzaG93IjoiMTk4MzY5NCJ9\">\n\t\t\t\t\t<div class=\"e-gallery-image elementor-gallery-item__image\" data-thumbnail=\"https:\/\/www.airacartagena.com\/wp-content\/uploads\/2024\/11\/6.webp\" data-width=\"1596\" data-height=\"2144\" aria-label=\"\" role=\"img\" ><\/div>\n\t\t\t\t\t\t\t\t\t\t\t<div class=\"elementor-gallery-item__overlay\"><\/div>\n\t\t\t\t\t\t\t\t\t\t\t\t\t\t<\/a>\n\t\t\t\t\t\t\t<a class=\"e-gallery-item elementor-gallery-item elementor-animated-content\" href=\"https:\/\/www.airacartagena.com\/wp-content\/uploads\/2024\/11\/8-2.webp\" data-elementor-open-lightbox=\"yes\" data-elementor-lightbox-slideshow=\"1983694\" data-elementor-lightbox-title=\"8\" data-e-action-hash=\"#elementor-action%3Aaction%3Dlightbox%26settings%3DeyJpZCI6ODI1LCJ1cmwiOiJodHRwczpcL1wvd3d3LmFpcmFjYXJ0YWdlbmEuY29tXC93cC1jb250ZW50XC91cGxvYWRzXC8yMDI0XC8xMVwvOC0yLndlYnAiLCJzbGlkZXNob3ciOiIxOTgzNjk0In0%3D\">\n\t\t\t\t\t<div class=\"e-gallery-image elementor-gallery-item__image\" data-thumbnail=\"https:\/\/www.airacartagena.com\/wp-content\/uploads\/2024\/11\/8-2.webp\" data-width=\"399\" data-height=\"536\" aria-label=\"\" role=\"img\" ><\/div>\n\t\t\t\t\t\t\t\t\t\t\t<div class=\"elementor-gallery-item__overlay\"><\/div>\n\t\t\t\t\t\t\t\t\t\t\t\t\t\t<\/a>\n\t\t\t\t\t\t\t<a class=\"e-gallery-item elementor-gallery-item elementor-animated-content\" href=\"https:\/\/www.airacartagena.com\/wp-content\/uploads\/2024\/11\/2.webp\" data-elementor-open-lightbox=\"yes\" data-elementor-lightbox-slideshow=\"1983694\" data-elementor-lightbox-title=\"2\" data-e-action-hash=\"#elementor-action%3Aaction%3Dlightbox%26settings%3DeyJpZCI6ODIwLCJ1cmwiOiJodHRwczpcL1wvd3d3LmFpcmFjYXJ0YWdlbmEuY29tXC93cC1jb250ZW50XC91cGxvYWRzXC8yMDI0XC8xMVwvMi53ZWJwIiwic2xpZGVzaG93IjoiMTk4MzY5NCJ9\">\n\t\t\t\t\t<div class=\"e-gallery-image elementor-gallery-item__image\" data-thumbnail=\"https:\/\/www.airacartagena.com\/wp-content\/uploads\/2024\/11\/2.webp\" data-width=\"1640\" data-height=\"1028\" aria-label=\"\" role=\"img\" ><\/div>\n\t\t\t\t\t\t\t\t\t\t\t<div class=\"elementor-gallery-item__overlay\"><\/div>\n\t\t\t\t\t\t\t\t\t\t\t\t\t\t<\/a>\n\t\t\t\t\t\t\t<a class=\"e-gallery-item elementor-gallery-item elementor-animated-content\" href=\"https:\/\/www.airacartagena.com\/wp-content\/uploads\/2024\/11\/7.webp\" data-elementor-open-lightbox=\"yes\" data-elementor-lightbox-slideshow=\"1983694\" data-elementor-lightbox-title=\"7\" data-e-action-hash=\"#elementor-action%3Aaction%3Dlightbox%26settings%3DeyJpZCI6ODI0LCJ1cmwiOiJodHRwczpcL1wvd3d3LmFpcmFjYXJ0YWdlbmEuY29tXC93cC1jb250ZW50XC91cGxvYWRzXC8yMDI0XC8xMVwvNy53ZWJwIiwic2xpZGVzaG93IjoiMTk4MzY5NCJ9\">\n\t\t\t\t\t<div class=\"e-gallery-image elementor-gallery-item__image\" data-thumbnail=\"https:\/\/www.airacartagena.com\/wp-content\/uploads\/2024\/11\/7.webp\" data-width=\"1596\" data-height=\"2144\" aria-label=\"\" role=\"img\" ><\/div>\n\t\t\t\t\t\t\t\t\t\t\t<div class=\"elementor-gallery-item__overlay\"><\/div>\n\t\t\t\t\t\t\t\t\t\t\t\t\t\t<\/a>\n\t\t\t\t\t\t\t<a class=\"e-gallery-item elementor-gallery-item elementor-animated-content\" href=\"https:\/\/www.airacartagena.com\/wp-content\/uploads\/2024\/12\/12.webp\" data-elementor-open-lightbox=\"yes\" data-elementor-lightbox-slideshow=\"1983694\" data-elementor-lightbox-title=\"12\" data-e-action-hash=\"#elementor-action%3Aaction%3Dlightbox%26settings%3DeyJpZCI6ODY3LCJ1cmwiOiJodHRwczpcL1wvd3d3LmFpcmFjYXJ0YWdlbmEuY29tXC93cC1jb250ZW50XC91cGxvYWRzXC8yMDI0XC8xMlwvMTIud2VicCIsInNsaWRlc2hvdyI6IjE5ODM2OTQifQ%3D%3D\">\n\t\t\t\t\t<div class=\"e-gallery-image elementor-gallery-item__image\" data-thumbnail=\"https:\/\/www.airacartagena.com\/wp-content\/uploads\/2024\/12\/12.webp\" data-width=\"2520\" data-height=\"1584\" aria-label=\"\" role=\"img\" ><\/div>\n\t\t\t\t\t\t\t\t\t\t\t<div class=\"elementor-gallery-item__overlay\"><\/div>\n\t\t\t\t\t\t\t\t\t\t\t\t\t\t<\/a>\n\t\t\t\t\t\t\t<a class=\"e-gallery-item elementor-gallery-item elementor-animated-content\" href=\"https:\/\/www.airacartagena.com\/wp-content\/uploads\/2024\/12\/11-1.jpg\" data-elementor-open-lightbox=\"yes\" data-elementor-lightbox-slideshow=\"1983694\" data-elementor-lightbox-title=\"11 (1)\" data-e-action-hash=\"#elementor-action%3Aaction%3Dlightbox%26settings%3DeyJpZCI6ODk2LCJ1cmwiOiJodHRwczpcL1wvd3d3LmFpcmFjYXJ0YWdlbmEuY29tXC93cC1jb250ZW50XC91cGxvYWRzXC8yMDI0XC8xMlwvMTEtMS5qcGciLCJzbGlkZXNob3ciOiIxOTgzNjk0In0%3D\">\n\t\t\t\t\t<div class=\"e-gallery-image elementor-gallery-item__image\" data-thumbnail=\"https:\/\/www.airacartagena.com\/wp-content\/uploads\/2024\/12\/11-1.jpg\" data-width=\"2520\" data-height=\"1584\" aria-label=\"\" role=\"img\" ><\/div>\n\t\t\t\t\t\t\t\t\t\t\t<div class=\"elementor-gallery-item__overlay\"><\/div>\n\t\t\t\t\t\t\t\t\t\t\t\t\t\t<\/a>\n\t\t\t\t\t\t\t<a class=\"e-gallery-item elementor-gallery-item elementor-animated-content\" href=\"https:\/\/www.airacartagena.com\/wp-content\/uploads\/2025\/01\/WhatsApp-Image-2025-01-02-at-2.58.26-PM-3.jpeg\" data-elementor-open-lightbox=\"yes\" data-elementor-lightbox-slideshow=\"1983694\" data-elementor-lightbox-title=\"WhatsApp Image 2025-01-02 at 2.58.26 PM (3)\" data-e-action-hash=\"#elementor-action%3Aaction%3Dlightbox%26settings%3DeyJpZCI6MTAxMCwidXJsIjoiaHR0cHM6XC9cL3d3dy5haXJhY2FydGFnZW5hLmNvbVwvd3AtY29udGVudFwvdXBsb2Fkc1wvMjAyNVwvMDFcL1doYXRzQXBwLUltYWdlLTIwMjUtMDEtMDItYXQtMi41OC4yNi1QTS0zLmpwZWciLCJzbGlkZXNob3ciOiIxOTgzNjk0In0%3D\">\n\t\t\t\t\t<div class=\"e-gallery-image elementor-gallery-item__image\" data-thumbnail=\"https:\/\/www.airacartagena.com\/wp-content\/uploads\/2025\/01\/WhatsApp-Image-2025-01-02-at-2.58.26-PM-3.jpeg\" data-width=\"1600\" data-height=\"1002\" aria-label=\"\" role=\"img\" ><\/div>\n\t\t\t\t\t\t\t\t\t\t\t<div class=\"elementor-gallery-item__overlay\"><\/div>\n\t\t\t\t\t\t\t\t\t\t\t\t\t\t<\/a>\n\t\t\t\t\t\t\t<a class=\"e-gallery-item elementor-gallery-item elementor-animated-content\" href=\"https:\/\/www.airacartagena.com\/wp-content\/uploads\/2025\/01\/WhatsApp-Image-2025-01-02-at-2.58.26-PM-2.jpeg\" data-elementor-open-lightbox=\"yes\" data-elementor-lightbox-slideshow=\"1983694\" data-elementor-lightbox-title=\"WhatsApp Image 2025-01-02 at 2.58.26 PM (2)\" data-e-action-hash=\"#elementor-action%3Aaction%3Dlightbox%26settings%3DeyJpZCI6MTAwOSwidXJsIjoiaHR0cHM6XC9cL3d3dy5haXJhY2FydGFnZW5hLmNvbVwvd3AtY29udGVudFwvdXBsb2Fkc1wvMjAyNVwvMDFcL1doYXRzQXBwLUltYWdlLTIwMjUtMDEtMDItYXQtMi41OC4yNi1QTS0yLmpwZWciLCJzbGlkZXNob3ciOiIxOTgzNjk0In0%3D\">\n\t\t\t\t\t<div class=\"e-gallery-image elementor-gallery-item__image\" data-thumbnail=\"https:\/\/www.airacartagena.com\/wp-content\/uploads\/2025\/01\/WhatsApp-Image-2025-01-02-at-2.58.26-PM-2.jpeg\" data-width=\"1600\" data-height=\"1002\" aria-label=\"\" role=\"img\" ><\/div>\n\t\t\t\t\t\t\t\t\t\t\t<div class=\"elementor-gallery-item__overlay\"><\/div>\n\t\t\t\t\t\t\t\t\t\t\t\t\t\t<\/a>\n\t\t\t\t\t\t\t<a class=\"e-gallery-item elementor-gallery-item elementor-animated-content\" href=\"https:\/\/www.airacartagena.com\/wp-content\/uploads\/2025\/01\/WhatsApp-Image-2025-01-02-at-2.58.26-PM-1.jpeg\" data-elementor-open-lightbox=\"yes\" data-elementor-lightbox-slideshow=\"1983694\" data-elementor-lightbox-title=\"WhatsApp Image 2025-01-02 at 2.58.26 PM (1)\" data-e-action-hash=\"#elementor-action%3Aaction%3Dlightbox%26settings%3DeyJpZCI6MTAwOCwidXJsIjoiaHR0cHM6XC9cL3d3dy5haXJhY2FydGFnZW5hLmNvbVwvd3AtY29udGVudFwvdXBsb2Fkc1wvMjAyNVwvMDFcL1doYXRzQXBwLUltYWdlLTIwMjUtMDEtMDItYXQtMi41OC4yNi1QTS0xLmpwZWciLCJzbGlkZXNob3ciOiIxOTgzNjk0In0%3D\">\n\t\t\t\t\t<div class=\"e-gallery-image elementor-gallery-item__image\" data-thumbnail=\"https:\/\/www.airacartagena.com\/wp-content\/uploads\/2025\/01\/WhatsApp-Image-2025-01-02-at-2.58.26-PM-1.jpeg\" data-width=\"1600\" data-height=\"1002\" aria-label=\"\" role=\"img\" ><\/div>\n\t\t\t\t\t\t\t\t\t\t\t<div class=\"elementor-gallery-item__overlay\"><\/div>\n\t\t\t\t\t\t\t\t\t\t\t\t\t\t<\/a>\n\t\t\t\t\t\t\t<a class=\"e-gallery-item elementor-gallery-item elementor-animated-content\" href=\"https:\/\/www.airacartagena.com\/wp-content\/uploads\/2025\/01\/WhatsApp-Image-2025-01-02-at-2.58.26-PM.jpeg\" data-elementor-open-lightbox=\"yes\" data-elementor-lightbox-slideshow=\"1983694\" data-elementor-lightbox-title=\"WhatsApp Image 2025-01-02 at 2.58.26 PM\" data-e-action-hash=\"#elementor-action%3Aaction%3Dlightbox%26settings%3DeyJpZCI6MTAxMSwidXJsIjoiaHR0cHM6XC9cL3d3dy5haXJhY2FydGFnZW5hLmNvbVwvd3AtY29udGVudFwvdXBsb2Fkc1wvMjAyNVwvMDFcL1doYXRzQXBwLUltYWdlLTIwMjUtMDEtMDItYXQtMi41OC4yNi1QTS5qcGVnIiwic2xpZGVzaG93IjoiMTk4MzY5NCJ9\">\n\t\t\t\t\t<div class=\"e-gallery-image elementor-gallery-item__image\" data-thumbnail=\"https:\/\/www.airacartagena.com\/wp-content\/uploads\/2025\/01\/WhatsApp-Image-2025-01-02-at-2.58.26-PM.jpeg\" data-width=\"1600\" data-height=\"1002\" aria-label=\"\" role=\"img\" ><\/div>\n\t\t\t\t\t\t\t\t\t\t\t<div class=\"elementor-gallery-item__overlay\"><\/div>\n\t\t\t\t\t\t\t\t\t\t\t\t\t\t<\/a>\n\t\t\t\t\t<\/div>\n\t\t\t<\/div>\n\t\t\t\t<\/div>\n\t\t\t\t<div class=\"elementor-element elementor-element-7622768 animated-slow elementor-invisible elementor-widget elementor-widget-ucaddon_gradient_hover_effect_button\" data-id=\"7622768\" data-element_type=\"widget\" data-settings=\"{&quot;_animation&quot;:&quot;fadeIn&quot;,&quot;_animation_delay&quot;:300}\" data-widget_type=\"ucaddon_gradient_hover_effect_button.default\">\n\t\t\t\t<div class=\"elementor-widget-container\">\n\t\t\t\n<!-- start Gradient Hover Effect Button -->\n<style>\/* widget: Gradient Hover Effect Button *\/\n\n#uc_gradient_hover_effect_button_elementor_7622768\n{\n  text-align:center;\n}\n\n#uc_gradient_hover_effect_button_elementor_7622768 .btn {\n  display: inline-block;\n  background: transparent;\n  font-weight: 500;\n  font-style: normal;\n  color: rgba(223,190,106,0.7);\n  border-radius: 0;\n  padding: 14px 30px 14px 30px;\n  transition: all 0.7s ease-out;\n  background: linear-gradient(270deg, #245B58, #245B58, #00000000, #00000000);\n  background-position: 1% 50%;\n  background-size: 300% 300%;\n  text-decoration: none;\n  border: none;\n  border: 1px solid #245B58;\n  \n\n}\n\n#uc_gradient_hover_effect_button_elementor_7622768 .btn:hover {\n  color: #fff;\n  border: 1px solid #245B58;\n  color: white;\n  background-position: 99% 50%;\n}\n\n<\/style>\n\n<div id=\"uc_gradient_hover_effect_button_elementor_7622768\">\n<a class=\"btn\" href=\"http:\/\/suites.airacartagena.com\/conoce-aira-suites-en-cartagena\" >\n  <span  class=\"uc_style_gradient_hover_effect_button_elementor_btn_txt\" >\ud83d\udc49 Conocer el sistema AIRA<\/span>\n<\/a>\n<\/div>\n<!-- end Gradient Hover Effect Button -->\t\t<\/div>\n\t\t\t\t<\/div>\n\t\t\t\t<div class=\"elementor-element elementor-element-281cff5 elementor-widget elementor-widget-global elementor-global-2359 elementor-widget-html\" data-id=\"281cff5\" data-element_type=\"widget\" data-widget_type=\"html.default\">\n\t\t\t\t<div class=\"elementor-widget-container\">\n\t\t\t<script \r\n  src=\"https:\/\/widgets.leadconnectorhq.com\/loader.js\"  \r\n  data-resources-url=\"https:\/\/widgets.leadconnectorhq.com\/chat-widget\/loader.js\" \r\n data-widget-id=\"697a15e675d4e15b7a39432b\"   > \r\n <\/script>\t\t<\/div>\n\t\t\t\t<\/div>\n\t\t\t\t<div class=\"elementor-element elementor-element-4419f76 elementor-widget elementor-widget-text-editor\" data-id=\"4419f76\" data-element_type=\"widget\" data-widget_type=\"text-editor.default\">\n\t\t\t\t<div class=\"elementor-widget-container\">\n\t\t\t\t\t\t\t<p><i><b>Las im\u00e1genes muestran el dise\u00f1o del activo. La decisi\u00f3n correcta empieza entendiendo c\u00f3mo se usa.<\/b><\/i><\/p>\t\t\t\t\t\t<\/div>\n\t\t\t\t<\/div>\n\t\t\t\t\t<\/div>\n\t\t\t\t<\/div>\n\t\t\t\t<\/div>\n\t\t","protected":false},"excerpt":{"rendered":"<p>Galer\u00eda Galer\u00eda Garantiza tu inversi\u00f3n y rentabiliza. \ud83d\udc49 Conocer el sistema AIRA Las im\u00e1genes muestran el dise\u00f1o del activo. La [&hellip;]<\/p>\n","protected":false},"author":1,"featured_media":0,"parent":0,"menu_order":0,"comment_status":"closed","ping_status":"closed","template":"","meta":{"site-sidebar-layout":"no-sidebar","site-content-layout":"","ast-site-content-layout":"full-width-container","site-content-style":"default","site-sidebar-style":"default","ast-global-header-display":"","ast-banner-title-visibility":"","ast-main-header-display":"","ast-hfb-above-header-display":"","ast-hfb-below-header-display":"","ast-hfb-mobile-header-display":"","site-post-title":"disabled","ast-breadcrumbs-content":"","ast-featured-img":"disabled","footer-sml-layout":"","theme-transparent-header-meta":"","adv-header-id-meta":"","stick-header-meta":"","header-above-stick-meta":"","header-main-stick-meta":"","header-below-stick-meta":"","astra-migrate-meta-layouts":"default","ast-page-background-enabled":"default","ast-page-background-meta":{"desktop":{"background-color":"var(--ast-global-color-4)","background-image":"","background-repeat":"repeat","background-position":"center center","background-size":"auto","background-attachment":"scroll","background-type":"","background-media":"","overlay-type":"","overlay-color":"","overlay-opacity":"","overlay-gradient":""},"tablet":{"background-color":"","background-image":"","background-repeat":"repeat","background-position":"center center","background-size":"auto","background-attachment":"scroll","background-type":"","background-media":"","overlay-type":"","overlay-color":"","overlay-opacity":"","overlay-gradient":""},"mobile":{"background-color":"","background-image":"","background-repeat":"repeat","background-position":"center center","background-size":"auto","background-attachment":"scroll","background-type":"","background-media":"","overlay-type":"","overlay-color":"","overlay-opacity":"","overlay-gradient":""}},"ast-content-background-meta":{"desktop":{"background-color":"var(--ast-global-color-5)","background-image":"","background-repeat":"repeat","background-position":"center center","background-size":"auto","background-attachment":"scroll","background-type":"","background-media":"","overlay-type":"","overlay-color":"","overlay-opacity":"","overlay-gradient":""},"tablet":{"background-color":"var(--ast-global-color-5)","background-image":"","background-repeat":"repeat","background-position":"center center","background-size":"auto","background-attachment":"scroll","background-type":"","background-media":"","overlay-type":"","overlay-color":"","overlay-opacity":"","overlay-gradient":""},"mobile":{"background-color":"var(--ast-global-color-5)","background-image":"","background-repeat":"repeat","background-position":"center center","background-size":"auto","background-attachment":"scroll","background-type":"","background-media":"","overlay-type":"","overlay-color":"","overlay-opacity":"","overlay-gradient":""}},"footnotes":""},"class_list":["post-865","page","type-page","status-publish","hentry"],"_links":{"self":[{"href":"https:\/\/www.airacartagena.com\/es\/wp-json\/wp\/v2\/pages\/865","targetHints":{"allow":["GET"]}}],"collection":[{"href":"https:\/\/www.airacartagena.com\/es\/wp-json\/wp\/v2\/pages"}],"about":[{"href":"https:\/\/www.airacartagena.com\/es\/wp-json\/wp\/v2\/types\/page"}],"author":[{"embeddable":true,"href":"https:\/\/www.airacartagena.com\/es\/wp-json\/wp\/v2\/users\/1"}],"replies":[{"embeddable":true,"href":"https:\/\/www.airacartagena.com\/es\/wp-json\/wp\/v2\/comments?post=865"}],"version-history":[{"count":18,"href":"https:\/\/www.airacartagena.com\/es\/wp-json\/wp\/v2\/pages\/865\/revisions"}],"predecessor-version":[{"id":2370,"href":"https:\/\/www.airacartagena.com\/es\/wp-json\/wp\/v2\/pages\/865\/revisions\/2370"}],"wp:attachment":[{"href":"https:\/\/www.airacartagena.com\/es\/wp-json\/wp\/v2\/media?parent=865"}],"curies":[{"name":"wp","href":"https:\/\/api.w.org\/{rel}","templated":true}]}}